{"id":8,"date":"2018-08-20T08:16:59","date_gmt":"2018-08-20T08:16:59","guid":{"rendered":"http:\/\/printal.com.pl\/?page_id=8"},"modified":"2024-12-03T20:34:59","modified_gmt":"2024-12-03T19:34:59","slug":"strona-glowna","status":"publish","type":"page","link":"https:\/\/printal.com.pl\/","title":{"rendered":"Strona G\u0142\u00f3wna"},"content":{"rendered":"<p>[vc_row full_width=&#8221;stretch_row&#8221; css=&#8221;.vc_custom_1533753896702{padding-bottom: 40px !important;}&#8221; el_id=&#8221;about&#8221;][vc_column][vc_column_text]<\/p>\n<h2 style=\"text-align: center;\">O NAS<\/h2>\n<h4 style=\"text-align: center;\">KIM JESTE\u015aMY?<\/h4>\n<p>[\/vc_column_text][vc_row_inner content_placement=&#8221;middle&#8221;][vc_column_inner width=&#8221;1\/2&#8243;][vc_single_image image=&#8221;14&#8243; img_size=&#8221;full&#8221; alignment=&#8221;center&#8221; style=&#8221;vc_box_shadow&#8221;][\/vc_column_inner][vc_column_inner width=&#8221;1\/2&#8243;][vc_column_text]<\/p>\n<p style=\"text-align: center;\">Zajmujemy si\u0119 dystrybucj\u0105 oryginalnych, oraz zamiennych materia\u0142\u00f3w eksploatacyjnych do urz\u0105dze\u0144 drukuj\u0105cych. Opr\u00f3cz szerokiej gamy toner\u00f3w i tuszy \u2013 oryginalnych oraz kompatybilnych \u2013 do r\u00f3\u017cnych modeli drukarek dysponujemy tak\u017ce foliami do faks\u00f3w,\u00a0 modu\u0142ami b\u0119bn\u00f3w, ta\u015bmami barwi\u0105cym do drukarek ig\u0142owych oraz kalkami woskowym do drukarek Zebra. PRINTAL oferuj\u0119 kompleksowe wsparcie dla instytucji publicznych, oraz firm. Gwarantujemy elastyczne podej\u015bcie do klienta i profesjonaln\u0105 obs\u0142ug\u0119.<\/p>\n<p>[\/vc_column_text][\/vc_column_inner][\/vc_row_inner][\/vc_column][\/vc_row][vc_row full_width=&#8221;stretch_row&#8221; css=&#8221;.vc_custom_1533753903986{padding-top: 40px !important;padding-bottom: 40px !important;background-color: #1a171b !important;background-position: center !important;background-repeat: no-repeat !important;background-size: cover !important;}&#8221; el_id=&#8221;offer&#8221;][vc_column][vc_column_text]<\/p>\n<h2 style=\"text-align: center; color: #e2007a;\">OFERTA<\/h2>\n<h4 style=\"text-align: center; color: #e2007a;\">CZYM SI\u0118 ZAJMUJEMY?<\/h4>\n<p>[\/vc_column_text][vc_row_inner content_placement=&#8221;middle&#8221;][vc_column_inner width=&#8221;1\/2&#8243;]<div class=\"ult-just-icon-wrapper  \"><div class=\"align-icon\" style=\"text-align:center;\">\n<div class=\"aio-icon none \"  style=\"color:#ffffff;font-size:60px;display:inline-block;\">\n\t<i class=\"Defaults-print\"><\/i>\n<\/div><\/div><\/div>[vc_column_text]<\/p>\n<p style=\"text-align: center; color: white;\">Jeste\u015bmy dostawc\u0105 materia\u0142\u00f3w eksploatacyjnych do drukarek, kopiarek oraz faks\u00f3w.<\/p>\n<p style=\"text-align: center; color: white;\">W naszym asortymencie znajdziesz materia\u0142y oryginalne oraz zamienniki najwy\u017cszej jako\u015bci.<\/p>\n<p>[\/vc_column_text]<div class=\"ult-just-icon-wrapper  \"><div class=\"align-icon\" style=\"text-align:center;\">\n<div class=\"aio-icon none \"  style=\"color:#ffffff;font-size:60px;display:inline-block;\">\n\t<i class=\"Defaults-cog gear\"><\/i>\n<\/div><\/div><\/div>[vc_column_text]<\/p>\n<p style=\"text-align: center; color: white;\">Oferujemy naszym klientom profesjonalny serwis urz\u0105dze\u0144 drukuj\u0105cych i kopiuj\u0105cych zar\u00f3wno atramentowych jak i laserowych.<\/p>\n<p style=\"text-align: center; color: white;\">Wi\u0119kszo\u015b\u0107 napraw wykonujemy w naszym serwisie, jednak w przypadku wi\u0119kszych maszyn lub na specjalne \u017cyczenie klienta naprawy wykonujemy w miejscu instalacji urz\u0105dzenia.<\/p>\n<p>[\/vc_column_text]<div class=\"ult-just-icon-wrapper  \"><div class=\"align-icon\" style=\"text-align:center;\">\n<div class=\"aio-icon none \"  style=\"color:#ffffff;font-size:60px;display:inline-block;\">\n\t<i class=\"Defaults-thumbs-o-up\"><\/i>\n<\/div><\/div><\/div>[vc_column_text]<\/p>\n<p style=\"text-align: center; color: white;\">Napisz do nas podaj\u0105c modele urz\u0105dze\u0144 drukuj\u0105cych, przygotujemy specjalnie dla Ciebie najlepsz\u0105 ofert\u0119.<\/p>\n<p>[\/vc_column_text][\/vc_column_inner][vc_column_inner width=&#8221;1\/2&#8243;][vc_single_image image=&#8221;15&#8243; img_size=&#8221;full&#8221; alignment=&#8221;center&#8221; style=&#8221;vc_box_shadow&#8221;][\/vc_column_inner][\/vc_row_inner][vc_row_inner][vc_column_inner css=&#8221;.vc_custom_1533751862612{border-radius: 5px !important;}&#8221;][vc_column_text]<\/p>\n<p style=\"text-align: center; color: white;\">Konsekwentnie staramy si\u0119 wyr\u00f3\u017cnia\u0107 na rynku wysok\u0105 jako\u015bci\u0105 obs\u0142ugi. Wiemy, \u017ce wysokiej jako\u015bci produkty to za ma\u0142o, by uzyska\u0107 satysfakcj\u0119 Klienta. Nasi Klienci &#8211; ma\u0142e firmy i du\u017ce przedsi\u0119biorstwa &#8211; ceni\u0105 nas za indywidualn\u0105, elastyczn\u0105, kompleksow\u0105 obs\u0142ug\u0119.<\/p>\n<p>[\/vc_column_text][\/vc_column_inner][\/vc_row_inner][\/vc_column][\/vc_row][vc_row css=&#8221;.vc_custom_1533753915514{padding-top: 40px !important;padding-bottom: 40px !important;}&#8221; el_id=&#8221;contact&#8221;][vc_column][vc_column_text]<\/p>\n<h2 style=\"text-align: center; color: #ffec00;\">KONTAKT<\/h2>\n<h4 style=\"text-align: center; color: #ffec00;\">SKONTAKTUJ SI\u0118 Z NAMI!<\/h4>\n<p>[\/vc_column_text][vc_row_inner][vc_column_inner width=&#8221;1\/5&#8243;]<div class=\"ult-just-icon-wrapper  \"><div class=\"align-icon\" style=\"text-align:center;\">\n<div class=\"aio-icon none \"  style=\"color:#1a171b;font-size:60px;display:inline-block;\">\n\t<i class=\"Defaults-phone\"><\/i>\n<\/div><\/div><\/div>[vc_column_text]<\/p>\n<p style=\"text-align: center;\"><strong>Tel : <\/strong><\/p>\n<p style=\"text-align: center;\"><a href=\"tel:606896552\"><strong>606 896 552 <\/strong><\/a><\/p>\n<p style=\"text-align: center;\"><strong><a href=\"tel:606881276\">606 881 276<\/a><\/strong><\/p>\n<p>[\/vc_column_text][\/vc_column_inner][vc_column_inner width=&#8221;1\/5&#8243;]<div class=\"ult-just-icon-wrapper  \"><div class=\"align-icon\" style=\"text-align:center;\">\n<div class=\"aio-icon none \"  style=\"color:#1a171b;font-size:60px;display:inline-block;\">\n\t<i class=\"Defaults-sun-o\"><\/i>\n<\/div><\/div><\/div>[vc_column_text]<\/p>\n<p style=\"text-align: center;\"><strong>GG :<\/strong><\/p>\n<p style=\"text-align: center;\"><strong>5470727<\/strong><\/p>\n<p style=\"text-align: center;\"><strong>4042877<\/strong><\/p>\n<p>[\/vc_column_text][\/vc_column_inner][vc_column_inner width=&#8221;1\/5&#8243;]<div class=\"ult-just-icon-wrapper  \"><div class=\"align-icon\" style=\"text-align:center;\">\n<div class=\"aio-icon none \"  style=\"color:#1a171b;font-size:60px;display:inline-block;\">\n\t<i class=\"Defaults-envelope-o\"><\/i>\n<\/div><\/div><\/div>[vc_column_text]<\/p>\n<p style=\"text-align: center;\"><strong>e-Mail : <\/strong><\/p>\n<p style=\"text-align: center;\"><span style=\"color: #3366ff;\"><strong><a style=\"color: #3366ff;\" href=\"mailto:biuro@printal.com.pl\">biuro@printal.com.pl<\/a><\/strong><\/span><\/p>\n<p style=\"text-align: center;\"><span style=\"color: #3366ff;\"><a style=\"color: #3366ff;\" href=\"mailto:kamila@printal.com.pl\"><strong>kamila@printal.com.pl<\/strong><\/a><\/span><\/p>\n<p>[\/vc_column_text][\/vc_column_inner][vc_column_inner width=&#8221;1\/5&#8243;]<div class=\"ult-just-icon-wrapper  \"><div class=\"align-icon\" style=\"text-align:center;\">\n<div class=\"aio-icon none \"  style=\"color:#1a171b;font-size:60px;display:inline-block;\">\n\t<i class=\"Defaults-map-marker\"><\/i>\n<\/div><\/div><\/div>[vc_column_text]<\/p>\n<p style=\"text-align: center;\"><strong>ul. W\u0105ska 19<br \/>\n<\/strong><\/p>\n<p style=\"text-align: center;\"><strong>32-440 Su\u0142kowice<br \/>\n<\/strong><\/p>\n<p>[\/vc_column_text][\/vc_column_inner][vc_column_inner width=&#8221;1\/5&#8243;]<div class=\"ult-just-icon-wrapper  \"><div class=\"align-icon\" style=\"text-align:center;\">\n<div class=\"aio-icon none \"  style=\"color:#1a171b;font-size:60px;display:inline-block;\">\n\t<i class=\"Defaults-clock-o\"><\/i>\n<\/div><\/div><\/div>[vc_column_text]<\/p>\n<p style=\"text-align: center;\"><strong>Pn.-Pt. : 08:00 &#8211; 16:00<\/strong><\/p>\n<p>[\/vc_column_text][\/vc_column_inner][\/vc_row_inner][vc_row_inner][vc_column_inner]<div role=\"form\" class=\"wpcf7\" id=\"wpcf7-f7-o1\" lang=\"pl-PL\" dir=\"ltr\">\n<div class=\"screen-reader-response\"><p role=\"status\" aria-live=\"polite\" aria-atomic=\"true\"><\/p> <ul><\/ul><\/div>\n<form action=\"\/index.php?rest_route=%2Fwp%2Fv2%2Fpages%2F8#wpcf7-f7-o1\" method=\"post\" class=\"wpcf7-form init\" novalidate=\"novalidate\" data-status=\"init\">\n<div style=\"display: none;\">\n<input type=\"hidden\" name=\"_wpcf7\" value=\"7\" \/>\n<input type=\"hidden\" name=\"_wpcf7_version\" value=\"5.4.2\" \/>\n<input type=\"hidden\" name=\"_wpcf7_locale\" value=\"pl_PL\" \/>\n<input type=\"hidden\" name=\"_wpcf7_unit_tag\" value=\"wpcf7-f7-o1\" \/>\n<input type=\"hidden\" name=\"_wpcf7_container_post\" value=\"0\" \/>\n<input type=\"hidden\" name=\"_wpcf7_posted_data_hash\" value=\"\" \/>\n<\/div>\n<div style=\"width: 100%;\">\n<div style=\"width: 48%; float: left;\"><label> Imi\u0119 i nazwisko <span class=\"redstar\">*<\/span><br \/>\n    <span class=\"wpcf7-form-control-wrap your-name\"><input type=\"text\" name=\"your-name\" value=\"\" size=\"40\" class=\"wpcf7-form-control wpcf7-text wpcf7-validates-as-required\" aria-required=\"true\" aria-invalid=\"false\" \/><\/span> <\/label><\/p>\n<p><label> Adres email <span class=\"redstar\">*<\/span><br \/>\n    <span class=\"wpcf7-form-control-wrap your-email\"><input type=\"email\" name=\"your-email\" value=\"\" size=\"40\" class=\"wpcf7-form-control wpcf7-text wpcf7-email wpcf7-validates-as-required wpcf7-validates-as-email\" aria-required=\"true\" aria-invalid=\"false\" \/><\/span> <\/label><\/p>\n<p><label> Temat <span class=\"redstar\">*<\/span><br \/>\n    <span class=\"wpcf7-form-control-wrap your-subject\"><input type=\"text\" name=\"your-subject\" value=\"\" size=\"40\" class=\"wpcf7-form-control wpcf7-text wpcf7-validates-as-required\" aria-required=\"true\" aria-invalid=\"false\" \/><\/span> <\/label>\n<\/div>\n<div style=\"width: 48%; float: right;\">\n<label> Tre\u015b\u0107 wiadomo\u015bci <span class=\"redstar\">*<\/span><br \/>\n    <span class=\"wpcf7-form-control-wrap your-message\"><textarea name=\"your-message\" cols=\"40\" rows=\"10\" class=\"wpcf7-form-control wpcf7-textarea\" aria-invalid=\"false\"><\/textarea><\/span> <\/label>\n<\/div>\n<p><input type=\"submit\" value=\"Wy\u015blij\" class=\"wpcf7-form-control wpcf7-submit\" \/>\n<\/p><\/div>\n<div class=\"wpcf7-response-output\" aria-hidden=\"true\"><\/div><\/form><\/div>[\/vc_column_inner][\/vc_row_inner][vc_column_text]<\/p>\n<p style=\"text-align: center;\">Pola oznaczone\u00a0<span class=\"redstar\">*<\/span> s\u0105 obowi\u0105zkowe do uzup\u0142enienia, aby formularz zosta\u0142 prawid\u0142owo przetworzony.<\/p>\n<p style=\"text-align: center;\"><span class=\"redstar\">*<\/span><span class=\"redstar\">*<\/span> Uzupe\u0142niaj\u0105c powy\u017cszy formularz wyra\u017casz zgod\u0119 na przetwarzanie swoich danych osobowych zgodnie z ustaw\u0105 o ochronie danych osobowych w zwi\u0105zku z np. realizacj\u0105 zg\u0142oszenia. Podanie danych jest dobrowolne, aczkolwiek niezb\u0119dne do przetworzenia zapytania. Zarazem potwierdzasz i\u017c zosta\u0142e\u015b\/a\u015b poinformowany\/a, \u017ce przys\u0142uguje Ci prawo dost\u0119pu do swoich danych, mo\u017cliwo\u015bci ich poprawiania, \u017c\u0105dania zaprzestania ich przetwarzania.<\/p>\n<p>[\/vc_column_text][\/vc_column][\/vc_row]<\/p>\n","protected":false},"excerpt":{"rendered":"<p>[vc_row full_width=&#8221;stretch_row&#8221; css=&#8221;.vc_custom_1533753896702{padding-bottom: 40px !important;}&#8221; el_id=&#8221;about&#8221;][vc_column][vc_column_text] O NAS KIM JESTE\u015aMY? [\/vc_column_text][vc_row_inner content_placement=&#8221;middle&#8221;][vc_column_inner width=&#8221;1\/2&#8243;][vc_single_image image=&#8221;14&#8243; img_size=&#8221;full&#8221; alignment=&#8221;center&#8221; style=&#8221;vc_box_shadow&#8221;][\/vc_column_inner][vc_column_inner width=&#8221;1\/2&#8243;][vc_column_text] Zajmujemy si\u0119 dystrybucj\u0105 oryginalnych, oraz zamiennych materia\u0142\u00f3w eksploatacyjnych do urz\u0105dze\u0144 drukuj\u0105cych. Opr\u00f3cz szerokiej gamy toner\u00f3w i tuszy \u2013 oryginalnych oraz kompatybilnych \u2013 do r\u00f3\u017cnych modeli drukarek dysponujemy tak\u017ce foliami do faks\u00f3w,\u00a0 modu\u0142ami b\u0119bn\u00f3w, ta\u015bmami barwi\u0105cym do drukarek&hellip;<\/p>\n","protected":false},"author":1,"featured_media":0,"parent":0,"menu_order":0,"comment_status":"closed","ping_status":"closed","template":"","meta":[],"_links":{"self":[{"href":"https:\/\/printal.com.pl\/index.php?rest_route=\/wp\/v2\/pages\/8"}],"collection":[{"href":"https:\/\/printal.com.pl\/index.php?rest_route=\/wp\/v2\/pages"}],"about":[{"href":"https:\/\/printal.com.pl\/index.php?rest_route=\/wp\/v2\/types\/page"}],"author":[{"embeddable":true,"href":"https:\/\/printal.com.pl\/index.php?rest_route=\/wp\/v2\/users\/1"}],"replies":[{"embeddable":true,"href":"https:\/\/printal.com.pl\/index.php?rest_route=%2Fwp%2Fv2%2Fcomments&post=8"}],"version-history":[{"count":19,"href":"https:\/\/printal.com.pl\/index.php?rest_route=\/wp\/v2\/pages\/8\/revisions"}],"predecessor-version":[{"id":69,"href":"https:\/\/printal.com.pl\/index.php?rest_route=\/wp\/v2\/pages\/8\/revisions\/69"}],"wp:attachment":[{"href":"https:\/\/printal.com.pl\/index.php?rest_route=%2Fwp%2Fv2%2Fmedia&parent=8"}],"curies":[{"name":"wp","href":"https:\/\/api.w.org\/{rel}","templated":true}]}}